{"id":16850,"date":"2024-12-13T16:28:14","date_gmt":"2024-12-13T16:28:14","guid":{"rendered":"https:\/\/experience-marrakech.net\/terms-conditions\/"},"modified":"2025-01-05T14:02:00","modified_gmt":"2025-01-05T14:02:00","slug":"conditions-generales","status":"publish","type":"page","link":"https:\/\/experience-marrakech.net\/fr\/conditions-generales\/","title":{"rendered":"Conditions g\u00e9n\u00e9rales"},"content":{"rendered":"\t\t<div data-elementor-type=\"wp-page\" data-elementor-id=\"16850\" class=\"elementor elementor-16850 elementor-15559\" data-elementor-post-type=\"page\">\n\t\t\t\t\t\t<section class=\"elementor-section elementor-top-section elementor-element elementor-element-6f3fa3c elementor-section-boxed elementor-section-height-default elementor-section-height-default\" data-id=\"6f3fa3c\" data-element_type=\"section\" data-e-type=\"section\" data-settings=\"{&quot;background_background&quot;:&quot;classic&quot;}\">\n\t\t\t\t\t\t\t<div class=\"elementor-background-overlay\"><\/div>\n\t\t\t\t\t\t\t<div class=\"elementor-container elementor-column-gap-default\">\n\t\t\t\t\t<div class=\"elementor-column elementor-col-100 elementor-top-column elementor-element elementor-element-ad05cb1\" data-id=\"ad05cb1\" data-element_type=\"column\" data-e-type=\"column\">\n\t\t\t<div class=\"elementor-widget-wrap elementor-element-populated\">\n\t\t\t\t\t\t<div class=\"elementor-element elementor-element-a0d35bc elementor-widget elementor-widget-elementskit-heading\" data-id=\"a0d35bc\" data-element_type=\"widget\" data-e-type=\"widget\" data-widget_type=\"elementskit-heading.default\">\n\t\t\t\t<div class=\"elementor-widget-container\">\n\t\t\t\t\t<div class=\"ekit-wid-con\" ><div class=\"ekit-heading elementskit-section-title-wraper text_center   ekit_heading_tablet-   ekit_heading_mobile-\"><h2 class=\"ekit-heading--title elementskit-section-title \">Conditions g\u00e9n\u00e9rales<\/h2><\/div><\/div>\t\t\t\t<\/div>\n\t\t\t\t<\/div>\n\t\t\t\t\t<\/div>\n\t\t<\/div>\n\t\t\t\t\t<\/div>\n\t\t<\/section>\n\t\t\t\t<section class=\"elementor-section elementor-top-section elementor-element elementor-element-a9041ff elementor-section-boxed elementor-section-height-default elementor-section-height-default\" data-id=\"a9041ff\" data-element_type=\"section\" data-e-type=\"section\">\n\t\t\t\t\t\t<div class=\"elementor-container elementor-column-gap-default\">\n\t\t\t\t\t<div class=\"elementor-column elementor-col-100 elementor-top-column elementor-element elementor-element-b5f3bc0\" data-id=\"b5f3bc0\" data-element_type=\"column\" data-e-type=\"column\">\n\t\t\t<div class=\"elementor-widget-wrap elementor-element-populated\">\n\t\t\t\t\t\t<section class=\"elementor-section elementor-inner-section elementor-element elementor-element-0a1d9ce elementor-section-boxed elementor-section-height-default elementor-section-height-default\" data-id=\"0a1d9ce\" data-element_type=\"section\" data-e-type=\"section\">\n\t\t\t\t\t\t<div class=\"elementor-container elementor-column-gap-default\">\n\t\t\t\t\t<div class=\"elementor-column elementor-col-100 elementor-inner-column elementor-element elementor-element-538e72b\" data-id=\"538e72b\" data-element_type=\"column\" data-e-type=\"column\">\n\t\t\t<div class=\"elementor-widget-wrap elementor-element-populated\">\n\t\t\t\t\t\t<div class=\"elementor-element elementor-element-b015881 elementor-widget elementor-widget-elementskit-heading\" data-id=\"b015881\" data-element_type=\"widget\" data-e-type=\"widget\" data-widget_type=\"elementskit-heading.default\">\n\t\t\t\t<div class=\"elementor-widget-container\">\n\t\t\t\t\t<div class=\"ekit-wid-con\" ><div class=\"ekit-heading elementskit-section-title-wraper text_left   ekit_heading_tablet-   ekit_heading_mobile-\"><h2 class=\"ekit-heading--title elementskit-section-title \">1. Informations g\u00e9n\u00e9rales<\/h2>\t\t\t\t<div class='ekit-heading__description'>\n\t\t\t\t\t<p><strong><em>Experience Marrakech<\/em><\/strong> est votre plateforme de r\u00e9f\u00e9rence pour des visites, des excursions et des activit\u00e9s inoubliables tri\u00e9es sur le volet \u00e0 Marrakech et dans ses environs \u00e0 couper le souffle. Notre objectif est de vous proposer des exp\u00e9riences uniques et sur mesure qui vous permettent de d\u00e9couvrir la riche culture et les opportunit\u00e9s d'aventure de la ville. En effectuant une r\u00e9servation via notre site Web ou d'autres plateformes affili\u00e9es, vous confirmez votre acceptation de ces conditions g\u00e9n\u00e9rales. Cet accord s'applique \u00e0 tous les services et r\u00e9servations facilit\u00e9s par <em>Experience Marrakech<\/em>. Pour utiliser nos services, vous devez avoir au moins 18 ans. Pour les mineurs, les r\u00e9servations et la participation doivent \u00eatre supervis\u00e9es par un tuteur l\u00e9gal.<\/p>\n\t\t\t\t<\/div>\n\t\t\t<\/div><\/div>\t\t\t\t<\/div>\n\t\t\t\t<\/div>\n\t\t\t\t<div class=\"elementor-element elementor-element-6d0ec56 elementor-widget elementor-widget-elementskit-heading\" data-id=\"6d0ec56\" data-element_type=\"widget\" data-e-type=\"widget\" data-widget_type=\"elementskit-heading.default\">\n\t\t\t\t<div class=\"elementor-widget-container\">\n\t\t\t\t\t<div class=\"ekit-wid-con\" ><div class=\"ekit-heading elementskit-section-title-wraper text_left   ekit_heading_tablet-   ekit_heading_mobile-\"><h2 class=\"ekit-heading--title elementskit-section-title \">2. R\u00e9servation et paiements<\/h2>\t\t\t\t<div class='ekit-heading__description'>\n\t\t\t\t\t<p>Lorsque vous effectuez une r\u00e9servation via <strong><em>Experience Marrakech<\/em><\/strong>, vous acceptez que toutes les r\u00e9servations soient soumises \u00e0 disponibilit\u00e9. Une fois votre r\u00e9servation confirm\u00e9e, un e-mail de confirmation d\u00e9taill\u00e9 vous sera envoy\u00e9. Le paiement s'effectue en esp\u00e8ces le jour de la visite ou de l'activit\u00e9. Veuillez pr\u00e9parer le montant exact, car nos repr\u00e9sentants ne sont pas susceptibles de rendre la monnaie.<\/p>\n<p>Les prix indiqu\u00e9s sur notre site Web sont exacts au moment de la r\u00e9servation, mais sont susceptibles d'\u00eatre modifi\u00e9s en raison des ajustements saisonniers ou des fluctuations du taux de change. Les r\u00e9servations confirm\u00e9es ne sont pas affect\u00e9es par ces changements. En cas de surr\u00e9servation, nous vous en informerons rapidement et vous proposerons une autre date, une autre activit\u00e9 ou un remboursement complet si vous le souhaitez.<\/p>\n\t\t\t\t<\/div>\n\t\t\t<\/div><\/div>\t\t\t\t<\/div>\n\t\t\t\t<\/div>\n\t\t\t\t<div class=\"elementor-element elementor-element-a5b5acf elementor-widget elementor-widget-elementskit-heading\" data-id=\"a5b5acf\" data-element_type=\"widget\" data-e-type=\"widget\" data-widget_type=\"elementskit-heading.default\">\n\t\t\t\t<div class=\"elementor-widget-container\">\n\t\t\t\t\t<div class=\"ekit-wid-con\" ><div class=\"ekit-heading elementskit-section-title-wraper text_left   ekit_heading_tablet-   ekit_heading_mobile-\"><h2 class=\"ekit-heading--title elementskit-section-title \">3. Annulation et remboursements<\/h2>\t\t\t\t<div class='ekit-heading__description'>\n\t\t\t\t\t<p>Les annulations sont instantan\u00e9es et gratuites gr\u00e2ce \u00e0 notre politique de paiement en esp\u00e8ces \u00e0 la livraison. Comme aucun paiement anticip\u00e9 n'est requis, vous pouvez annuler sans aucune implication financi\u00e8re \u00e0 tout moment avant l'activit\u00e9. Cependant, nous appr\u00e9cions d'\u00eatre inform\u00e9s le plus t\u00f4t possible afin que nous puissions ajuster les horaires et accueillir d'autres invit\u00e9s.<\/p>\n\t\t\t\t<\/div>\n\t\t\t<\/div><\/div>\t\t\t\t<\/div>\n\t\t\t\t<\/div>\n\t\t\t\t<div class=\"elementor-element elementor-element-bd166d4 elementor-widget elementor-widget-elementskit-heading\" data-id=\"bd166d4\" data-element_type=\"widget\" data-e-type=\"widget\" data-widget_type=\"elementskit-heading.default\">\n\t\t\t\t<div class=\"elementor-widget-container\">\n\t\t\t\t\t<div class=\"ekit-wid-con\" ><div class=\"ekit-heading elementskit-section-title-wraper text_left   ekit_heading_tablet-   ekit_heading_mobile-\"><h2 class=\"ekit-heading--title elementskit-section-title \">4. Responsabilit\u00e9s des participants<\/h2>\t\t\t\t<div class='ekit-heading__description'>\n\t\t\t\t\t<p>En tant que participant, il est de votre responsabilit\u00e9 de vous assurer que vous r\u00e9pondez \u00e0 toutes les exigences physiques ou de sant\u00e9 n\u00e9cessaires aux activit\u00e9s que vous avez choisies. Si vous avez des inqui\u00e9tudes, nous vous encourageons \u00e0 nous consulter avant de confirmer votre r\u00e9servation. Les mineurs doivent toujours \u00eatre accompagn\u00e9s d'un tuteur l\u00e9gal. La ponctualit\u00e9 est cruciale ; les participants sont tenus d'arriver ponctuellement aux points de rendez-vous d\u00e9sign\u00e9s. Les arriv\u00e9es tardives peuvent entra\u00eener des activit\u00e9s manqu\u00e9es et aucun remboursement ne peut \u00eatre accord\u00e9 dans de telles circonstances. Veuillez respecter toutes les consignes de s\u00e9curit\u00e9 fournies par notre \u00e9quipe ou nos guides locaux. La coop\u00e9ration garantit une exp\u00e9rience s\u00fbre et m\u00e9morable pour tous.<\/p>\n\t\t\t\t<\/div>\n\t\t\t<\/div><\/div>\t\t\t\t<\/div>\n\t\t\t\t<\/div>\n\t\t\t\t<div class=\"elementor-element elementor-element-7bf08e1 elementor-widget elementor-widget-elementskit-heading\" data-id=\"7bf08e1\" data-element_type=\"widget\" data-e-type=\"widget\" data-widget_type=\"elementskit-heading.default\">\n\t\t\t\t<div class=\"elementor-widget-container\">\n\t\t\t\t\t<div class=\"ekit-wid-con\" ><div class=\"ekit-heading elementskit-section-title-wraper text_left   ekit_heading_tablet-   ekit_heading_mobile-\"><h2 class=\"ekit-heading--title elementskit-section-title \">5. Responsabilit\u00e9<\/h2>\t\t\t\t<div class='ekit-heading__description'>\n\t\t\t\t\t<p><strong><em>Experience Marrakech<\/em><\/strong> prend toutes les pr\u00e9cautions pour assurer votre s\u00e9curit\u00e9 et votre satisfaction, mais la participation aux activit\u00e9s se fait en fin de compte \u00e0 vos propres risques. Notre couverture responsabilit\u00e9 civile prot\u00e8ge contre les dommages caus\u00e9s par des tiers lors des activit\u00e9s que nous organisons, mais elle ne s'\u00e9tend pas aux accidents personnels, aux urgences m\u00e9dicales ou \u00e0 la perte\/vol d'objets personnels. Nous vous recommandons vivement de souscrire une assurance voyage compl\u00e8te qui couvre les urgences m\u00e9dicales et les biens personnels pour votre tranquillit\u00e9 d'esprit.<\/p>\n\t\t\t\t<\/div>\n\t\t\t<\/div><\/div>\t\t\t\t<\/div>\n\t\t\t\t<\/div>\n\t\t\t\t<div class=\"elementor-element elementor-element-62532ba elementor-widget elementor-widget-elementskit-heading\" data-id=\"62532ba\" data-element_type=\"widget\" data-e-type=\"widget\" data-widget_type=\"elementskit-heading.default\">\n\t\t\t\t<div class=\"elementor-widget-container\">\n\t\t\t\t\t<div class=\"ekit-wid-con\" ><div class=\"ekit-heading elementskit-section-title-wraper text_left   ekit_heading_tablet-   ekit_heading_mobile-\"><h2 class=\"ekit-heading--title elementskit-section-title \">6. Force majeure<\/h2>\t\t\t\t<div class='ekit-heading__description'>\n\t\t\t\t\t<p>Des circonstances ind\u00e9pendantes de notre volont\u00e9, telles que des conditions m\u00e9t\u00e9orologiques extr\u00eames, des restrictions gouvernementales ou d'autres \u00e9v\u00e9nements impr\u00e9vus, peuvent avoir un impact sur les activit\u00e9s programm\u00e9es. Dans de tels cas, <strong><em>Experience Marrakech<\/em><\/strong> ne peut \u00eatre tenu responsable des annulations ou des modifications, mais fera tout son possible pour reprogrammer votre activit\u00e9 ou fournir une solution appropri\u00e9e.<\/p>\n\t\t\t\t<\/div>\n\t\t\t<\/div><\/div>\t\t\t\t<\/div>\n\t\t\t\t<\/div>\n\t\t\t\t<div class=\"elementor-element elementor-element-97d6f6d elementor-widget elementor-widget-elementskit-heading\" data-id=\"97d6f6d\" data-element_type=\"widget\" data-e-type=\"widget\" data-widget_type=\"elementskit-heading.default\">\n\t\t\t\t<div class=\"elementor-widget-container\">\n\t\t\t\t\t<div class=\"ekit-wid-con\" ><div class=\"ekit-heading elementskit-section-title-wraper text_left   ekit_heading_tablet-   ekit_heading_mobile-\"><h2 class=\"ekit-heading--title elementskit-section-title \">7. Propri\u00e9t\u00e9 intellectuelle<\/h2>\t\t\t\t<div class='ekit-heading__description'>\n\t\t\t\t\t<p>Tout le contenu du site Web <strong><em>Experience Marrakech<\/em><\/strong>, y compris les textes, images, designs et logos, est la propri\u00e9t\u00e9 exclusive de <strong><em>Experience Marrakech<\/em><\/strong> et est prot\u00e9g\u00e9 par les lois sur le droit d'auteur. Toute reproduction, distribution ou utilisation non autoris\u00e9e de ce contenu est strictement interdite.<\/p>\n\t\t\t\t<\/div>\n\t\t\t<\/div><\/div>\t\t\t\t<\/div>\n\t\t\t\t<\/div>\n\t\t\t\t<div class=\"elementor-element elementor-element-4b57ed7 elementor-widget elementor-widget-elementskit-heading\" data-id=\"4b57ed7\" data-element_type=\"widget\" data-e-type=\"widget\" data-widget_type=\"elementskit-heading.default\">\n\t\t\t\t<div class=\"elementor-widget-container\">\n\t\t\t\t\t<div class=\"ekit-wid-con\" ><div class=\"ekit-heading elementskit-section-title-wraper text_left   ekit_heading_tablet-   ekit_heading_mobile-\"><h2 class=\"ekit-heading--title elementskit-section-title \">8. Politique de confidentialit\u00e9<\/h2>\t\t\t\t<div class='ekit-heading__description'>\n\t\t\t\t\t<p>Votre vie priv\u00e9e est une priorit\u00e9 pour nous. Pour plus de d\u00e9tails sur la mani\u00e8re dont nous collectons, utilisons et prot\u00e9geons vos donn\u00e9es personnelles, veuillez vous r\u00e9f\u00e9rer \u00e0 notre <span style=\"color: #993300\"><a style=\"color: #993300\" href=\"https:\/\/experience-marrakech.net\/privacy-policy\/\">Politique de confidentialit\u00e9<\/a><\/span> compl\u00e8te.<\/p>\n\t\t\t\t<\/div>\n\t\t\t<\/div><\/div>\t\t\t\t<\/div>\n\t\t\t\t<\/div>\n\t\t\t\t<div class=\"elementor-element elementor-element-6481285 elementor-widget elementor-widget-elementskit-heading\" data-id=\"6481285\" data-element_type=\"widget\" data-e-type=\"widget\" data-widget_type=\"elementskit-heading.default\">\n\t\t\t\t<div class=\"elementor-widget-container\">\n\t\t\t\t\t<div class=\"ekit-wid-con\" ><div class=\"ekit-heading elementskit-section-title-wraper text_left   ekit_heading_tablet-   ekit_heading_mobile-\"><h2 class=\"ekit-heading--title elementskit-section-title \">9. R\u00e8glement des litiges<\/h2>\t\t\t\t<div class='ekit-heading__description'>\n\t\t\t\t\t<p>Nous nous engageons \u00e0 r\u00e9soudre les litiges \u00e0 l'amiable. Si vous avez des inqui\u00e9tudes, veuillez nous contacter \u00e0\u00a0<em><a href=\"mailto:contact@experience-marrakech.net\"><strong><span style=\"color: #000000\">E-mail\u00a0: contact@experience-marrakech.net<\/span><\/strong><\/a><\/em> ou <strong><em><span style=\"color: #000000\"><a style=\"color: #000000\" href=\"https:\/\/wa.me\/34616488033\" target=\"_blank\" rel=\"noopener\">WhatsApp\u00a0: +34 616 488 033<\/a><\/span><\/em><\/strong>, et nous y r\u00e9pondrons rapidement. Tout litige qui ne peut \u00eatre r\u00e9solu sera r\u00e9gi par les lois du Maroc et trait\u00e9 par les tribunaux marocains.<\/p>\n\t\t\t\t<\/div>\n\t\t\t<\/div><\/div>\t\t\t\t<\/div>\n\t\t\t\t<\/div>\n\t\t\t\t<div class=\"elementor-element elementor-element-9579ff3 elementor-widget elementor-widget-elementskit-heading\" data-id=\"9579ff3\" data-element_type=\"widget\" data-e-type=\"widget\" data-widget_type=\"elementskit-heading.default\">\n\t\t\t\t<div class=\"elementor-widget-container\">\n\t\t\t\t\t<div class=\"ekit-wid-con\" ><div class=\"ekit-heading elementskit-section-title-wraper text_left   ekit_heading_tablet-   ekit_heading_mobile-\"><h2 class=\"ekit-heading--title elementskit-section-title \">10. Modifications des conditions<\/h2>\t\t\t\t<div class='ekit-heading__description'>\n\t\t\t\t\t<p><strong><em>Experience Marrakech<\/em><\/strong> se r\u00e9serve le droit de modifier ces termes et conditions \u00e0 tout moment. Les conditions mises \u00e0 jour prendront effet imm\u00e9diatement apr\u00e8s leur publication sur notre site Web.<\/p>\n<p><span style=\"color: #000000\"><strong>Nous contacter<\/strong><\/span><br \/>\nPour toute demande de renseignements ou de pr\u00e9cisions concernant ces conditions, n'h\u00e9sitez pas \u00e0 nous contacter\u00a0:<\/p>\n<ul>\n<li><em><span style=\"color: #000000\"><a style=\"color: #000000\" href=\"mailto:contact@experience-marrakech.net\"><strong>E-mail\u00a0: contact@experience-marrakech.net<\/strong><\/a><\/span><\/em><\/li>\n<li><strong><em><span style=\"color: #000000\"><a style=\"color: #000000\" href=\"tel:212601376148\">T\u00e9l\u00e9phone\u00a0: +2126 0137 6148<\/a><\/span><\/em><\/strong>\u00a0<strong><br \/>\n<\/strong><\/li>\n<li><strong><em><span style=\"color: #000000\"><a style=\"color: #000000\" href=\"https:\/\/wa.me\/34616488033\" target=\"_blank\" rel=\"noopener\">WhatsApp\u00a0: +34\u00a0616\u00a0488\u00a0033<\/a><\/span><\/em><\/strong><\/li>\n<\/ul>\n<p>Merci d'avoir choisi <strong><em>Experience Marrakech<\/em><\/strong>. Nous avons h\u00e2te de vous aider \u00e0 cr\u00e9er des souvenirs inoubliables dans la Ville Rouge\u00a0!<\/p>\n\t\t\t\t<\/div>\n\t\t\t<\/div><\/div>\t\t\t\t<\/div>\n\t\t\t\t<\/div>\n\t\t\t\t\t<\/div>\n\t\t<\/div>\n\t\t\t\t\t<\/div>\n\t\t<\/section>\n\t\t\t\t\t<\/div>\n\t\t<\/div>\n\t\t\t\t\t<\/div>\n\t\t<\/section>\n\t\t\t\t<\/div>\n\t\t","protected":false},"excerpt":{"rendered":"<p>Conditions g\u00e9n\u00e9rales 1. Informations g\u00e9n\u00e9rales Experience Marrakech est votre plateforme de r\u00e9f\u00e9rence pour des visites, des excursions et des activit\u00e9s inoubliables tri\u00e9es sur le volet \u00e0 Marrakech et dans ses environs \u00e0 couper le souffle. Notre objectif est de vous proposer des exp\u00e9riences uniques et sur mesure qui vous permettent de d\u00e9couvrir la riche culture [&hellip;]<\/p>\n","protected":false},"author":1,"featured_media":0,"parent":0,"menu_order":0,"comment_status":"closed","ping_status":"closed","template":"elementor_header_footer","meta":{"footnotes":""},"class_list":["post-16850","page","type-page","status-publish","has-post-thumbnail","hentry"],"jetpack_sharing_enabled":true,"_links":{"self":[{"href":"https:\/\/experience-marrakech.net\/fr\/wp-json\/wp\/v2\/pages\/16850","targetHints":{"allow":["GET"]}}],"collection":[{"href":"https:\/\/experience-marrakech.net\/fr\/wp-json\/wp\/v2\/pages"}],"about":[{"href":"https:\/\/experience-marrakech.net\/fr\/wp-json\/wp\/v2\/types\/page"}],"author":[{"embeddable":true,"href":"https:\/\/experience-marrakech.net\/fr\/wp-json\/wp\/v2\/users\/1"}],"replies":[{"embeddable":true,"href":"https:\/\/experience-marrakech.net\/fr\/wp-json\/wp\/v2\/comments?post=16850"}],"version-history":[{"count":7,"href":"https:\/\/experience-marrakech.net\/fr\/wp-json\/wp\/v2\/pages\/16850\/revisions"}],"predecessor-version":[{"id":17321,"href":"https:\/\/experience-marrakech.net\/fr\/wp-json\/wp\/v2\/pages\/16850\/revisions\/17321"}],"wp:attachment":[{"href":"https:\/\/experience-marrakech.net\/fr\/wp-json\/wp\/v2\/media?parent=16850"}],"curies":[{"name":"wp","href":"https:\/\/api.w.org\/{rel}","templated":true}]}}