{"id":16848,"date":"2024-12-04T14:57:49","date_gmt":"2024-12-04T14:57:49","guid":{"rendered":"https:\/\/experience-marrakech.net\/privacy-policy\/"},"modified":"2025-01-05T14:01:20","modified_gmt":"2025-01-05T14:01:20","slug":"politique-de-confidentialite","status":"publish","type":"page","link":"https:\/\/experience-marrakech.net\/fr\/politique-de-confidentialite\/","title":{"rendered":"Politique de confidentialit\u00e9"},"content":{"rendered":"\t\t<div data-elementor-type=\"wp-page\" data-elementor-id=\"16848\" class=\"elementor elementor-16848 elementor-15234\" data-elementor-post-type=\"page\">\n\t\t\t\t\t\t<section class=\"elementor-section elementor-top-section elementor-element elementor-element-3bf1a88 elementor-section-boxed elementor-section-height-default elementor-section-height-default\" data-id=\"3bf1a88\" data-element_type=\"section\" data-e-type=\"section\" data-settings=\"{&quot;background_background&quot;:&quot;classic&quot;}\">\n\t\t\t\t\t\t\t<div class=\"elementor-background-overlay\"><\/div>\n\t\t\t\t\t\t\t<div class=\"elementor-container elementor-column-gap-default\">\n\t\t\t\t\t<div class=\"elementor-column elementor-col-100 elementor-top-column elementor-element elementor-element-33c0e70\" data-id=\"33c0e70\" data-element_type=\"column\" data-e-type=\"column\">\n\t\t\t<div class=\"elementor-widget-wrap elementor-element-populated\">\n\t\t\t\t\t\t<div class=\"elementor-element elementor-element-400fead elementor-widget elementor-widget-elementskit-heading\" data-id=\"400fead\" data-element_type=\"widget\" data-e-type=\"widget\" data-widget_type=\"elementskit-heading.default\">\n\t\t\t\t<div class=\"elementor-widget-container\">\n\t\t\t\t\t<div class=\"ekit-wid-con\" ><div class=\"ekit-heading elementskit-section-title-wraper text_center   ekit_heading_tablet-   ekit_heading_mobile-\"><h2 class=\"ekit-heading--title elementskit-section-title \">Politique de confidentialit\u00e9<\/h2><\/div><\/div>\t\t\t\t<\/div>\n\t\t\t\t<\/div>\n\t\t\t\t\t<\/div>\n\t\t<\/div>\n\t\t\t\t\t<\/div>\n\t\t<\/section>\n\t\t\t\t<section class=\"elementor-section elementor-top-section elementor-element elementor-element-598f167 elementor-section-boxed elementor-section-height-default elementor-section-height-default\" data-id=\"598f167\" data-element_type=\"section\" data-e-type=\"section\" data-settings=\"{&quot;background_background&quot;:&quot;classic&quot;}\">\n\t\t\t\t\t\t<div class=\"elementor-container elementor-column-gap-default\">\n\t\t\t\t\t<div class=\"elementor-column elementor-col-100 elementor-top-column elementor-element elementor-element-ef09a30\" data-id=\"ef09a30\" data-element_type=\"column\" data-e-type=\"column\">\n\t\t\t<div class=\"elementor-widget-wrap elementor-element-populated\">\n\t\t\t\t\t\t<div class=\"elementor-element elementor-element-63782c6 elementor-widget elementor-widget-heading\" data-id=\"63782c6\" data-element_type=\"widget\" data-e-type=\"widget\" data-widget_type=\"heading.default\">\n\t\t\t\t<div class=\"elementor-widget-container\">\n\t\t\t\t\t<p class=\"elementor-heading-title elementor-size-default\">Date d'entr\u00e9e en vigueur : 13\/07\/2020<\/p>\t\t\t\t<\/div>\n\t\t\t\t<\/div>\n\t\t\t\t<div class=\"elementor-element elementor-element-69df574 elementor-widget elementor-widget-heading\" data-id=\"69df574\" data-element_type=\"widget\" data-e-type=\"widget\" data-widget_type=\"heading.default\">\n\t\t\t\t<div class=\"elementor-widget-container\">\n\t\t\t\t\t<p class=\"elementor-heading-title elementor-size-default\">Chez Experience Marrakech, nous nous engageons \u00e0 prot\u00e9ger votre vie priv\u00e9e et \u00e0 assurer la s\u00e9curit\u00e9 de vos informations personnelles. Cette politique de confidentialit\u00e9 explique comment nous collectons, utilisons et prot\u00e9geons vos donn\u00e9es lorsque vous visitez notre site Web ou utilisez nos services.<\/p>\t\t\t\t<\/div>\n\t\t\t\t<\/div>\n\t\t\t\t<div class=\"elementor-element elementor-element-d5791ec elementor-widget elementor-widget-heading\" data-id=\"d5791ec\" data-element_type=\"widget\" data-e-type=\"widget\" data-widget_type=\"heading.default\">\n\t\t\t\t<div class=\"elementor-widget-container\">\n\t\t\t\t\t<h2 class=\"elementor-heading-title elementor-size-default\">1. Informations que nous collectons<\/h2>\t\t\t\t<\/div>\n\t\t\t\t<\/div>\n\t\t\t\t<div class=\"elementor-element elementor-element-55f320d elementor-widget elementor-widget-heading\" data-id=\"55f320d\" data-element_type=\"widget\" data-e-type=\"widget\" data-widget_type=\"heading.default\">\n\t\t\t\t<div class=\"elementor-widget-container\">\n\t\t\t\t\t<p class=\"elementor-heading-title elementor-size-default\">Nous collectons les types d\u2019informations suivants :<\/p>\t\t\t\t<\/div>\n\t\t\t\t<\/div>\n\t\t\t\t<div class=\"elementor-element elementor-element-8df60d1 elementor-widget elementor-widget-heading\" data-id=\"8df60d1\" data-element_type=\"widget\" data-e-type=\"widget\" data-widget_type=\"heading.default\">\n\t\t\t\t<div class=\"elementor-widget-container\">\n\t\t\t\t\t<h2 class=\"elementor-heading-title elementor-size-default\">1.1 Informations personnelles<\/h2>\t\t\t\t<\/div>\n\t\t\t\t<\/div>\n\t\t\t\t<div class=\"elementor-element elementor-element-1a3bc2e elementor-widget elementor-widget-heading\" data-id=\"1a3bc2e\" data-element_type=\"widget\" data-e-type=\"widget\" data-widget_type=\"heading.default\">\n\t\t\t\t<div class=\"elementor-widget-container\">\n\t\t\t\t\t<p class=\"elementor-heading-title elementor-size-default\">Nom, adresse e-mail, num\u00e9ro de t\u00e9l\u00e9phone et informations de paiement fournis lors des r\u00e9servations.<br>\nPr\u00e9f\u00e9rences de voyage ou demandes sp\u00e9ciales partag\u00e9es avec nous.<\/p>\t\t\t\t<\/div>\n\t\t\t\t<\/div>\n\t\t\t\t<div class=\"elementor-element elementor-element-f7e4f99 elementor-widget elementor-widget-heading\" data-id=\"f7e4f99\" data-element_type=\"widget\" data-e-type=\"widget\" data-widget_type=\"heading.default\">\n\t\t\t\t<div class=\"elementor-widget-container\">\n\t\t\t\t\t<h2 class=\"elementor-heading-title elementor-size-default\">1.2 Informations non personnelles<\/h2>\t\t\t\t<\/div>\n\t\t\t\t<\/div>\n\t\t\t\t<div class=\"elementor-element elementor-element-4f0e791 elementor-widget elementor-widget-heading\" data-id=\"4f0e791\" data-element_type=\"widget\" data-e-type=\"widget\" data-widget_type=\"heading.default\">\n\t\t\t\t<div class=\"elementor-widget-container\">\n\t\t\t\t\t<p class=\"elementor-heading-title elementor-size-default\">Adresse IP, type de navigateur, syst\u00e8me d'exploitation et comportement de navigation sur notre site Web.<\/p>\t\t\t\t<\/div>\n\t\t\t\t<\/div>\n\t\t\t\t<div class=\"elementor-element elementor-element-468d1a9 elementor-widget elementor-widget-heading\" data-id=\"468d1a9\" data-element_type=\"widget\" data-e-type=\"widget\" data-widget_type=\"heading.default\">\n\t\t\t\t<div class=\"elementor-widget-container\">\n\t\t\t\t\t<h2 class=\"elementor-heading-title elementor-size-default\">1.3 Cookies et technologies de suivi<\/h2>\t\t\t\t<\/div>\n\t\t\t\t<\/div>\n\t\t\t\t<div class=\"elementor-element elementor-element-178b7c4 elementor-widget elementor-widget-heading\" data-id=\"178b7c4\" data-element_type=\"widget\" data-e-type=\"widget\" data-widget_type=\"heading.default\">\n\t\t\t\t<div class=\"elementor-widget-container\">\n\t\t\t\t\t<p class=\"elementor-heading-title elementor-size-default\">Cookies\u00a0: petits fichiers de donn\u00e9es stock\u00e9s sur votre appareil pour am\u00e9liorer votre exp\u00e9rience de navigation.<br>\nOutils de suivi\u00a0: utilis\u00e9s pour comprendre l'utilisation du site Web et am\u00e9liorer nos services.<\/p>\t\t\t\t<\/div>\n\t\t\t\t<\/div>\n\t\t\t\t<div class=\"elementor-element elementor-element-16d3e97 elementor-widget elementor-widget-heading\" data-id=\"16d3e97\" data-element_type=\"widget\" data-e-type=\"widget\" data-widget_type=\"heading.default\">\n\t\t\t\t<div class=\"elementor-widget-container\">\n\t\t\t\t\t<h2 class=\"elementor-heading-title elementor-size-default\">2. Comment nous utilisons vos informations<\/h2>\t\t\t\t<\/div>\n\t\t\t\t<\/div>\n\t\t\t\t<div class=\"elementor-element elementor-element-1bc1a9d elementor-widget elementor-widget-heading\" data-id=\"1bc1a9d\" data-element_type=\"widget\" data-e-type=\"widget\" data-widget_type=\"heading.default\">\n\t\t\t\t<div class=\"elementor-widget-container\">\n\t\t\t\t\t<p class=\"elementor-heading-title elementor-size-default\">Nous utilisons vos informations aux fins suivantes\u00a0:\u00a0<br>\n\n<b>Pour traiter les r\u00e9servations\u00a0:<\/b> nous assurer que vos r\u00e9servations sont compl\u00e9t\u00e9es et confirm\u00e9es.<br>\n<b>Pour am\u00e9liorer les services\u00a0:<\/b> analyser le comportement des utilisateurs afin d'am\u00e9liorer les fonctionnalit\u00e9s du site Web et les offres de circuits.<br>\n<b>Pour communiquer\u00a0:<\/b> r\u00e9pondre aux demandes de renseignements, envoyer des confirmations de r\u00e9servation et fournir des mises \u00e0 jour.<br>\n<b>Pour le marketing\u00a0:<\/b> envoyer des supports promotionnels et des offres sp\u00e9ciales (avec votre consentement).<br>\n<b>Pour garantir la s\u00e9curit\u00e9\u00a0:<\/b> surveiller les activit\u00e9s du site Web afin d'\u00e9viter toute fraude ou tout acc\u00e8s non autoris\u00e9.<\/p>\t\t\t\t<\/div>\n\t\t\t\t<\/div>\n\t\t\t\t<div class=\"elementor-element elementor-element-0d249d8 elementor-widget elementor-widget-heading\" data-id=\"0d249d8\" data-element_type=\"widget\" data-e-type=\"widget\" data-widget_type=\"heading.default\">\n\t\t\t\t<div class=\"elementor-widget-container\">\n\t\t\t\t\t<h2 class=\"elementor-heading-title elementor-size-default\">3. Partage de vos informations<\/h2>\t\t\t\t<\/div>\n\t\t\t\t<\/div>\n\t\t\t\t<div class=\"elementor-element elementor-element-fe82e5d elementor-widget elementor-widget-heading\" data-id=\"fe82e5d\" data-element_type=\"widget\" data-e-type=\"widget\" data-widget_type=\"heading.default\">\n\t\t\t\t<div class=\"elementor-widget-container\">\n\t\t\t\t\t<p class=\"elementor-heading-title elementor-size-default\">Nous ne vendons, n'\u00e9changeons ni ne louons vos informations personnelles. Cependant, nous pouvons les partager dans les circonstances suivantes\u00a0:\u00a0<br>\n\n<b>\u00a0Fournisseurs de services\u00a0:<\/b> Avec des partenaires de confiance qui aident au traitement des paiements ou \u00e0 l'organisation de voyages.<br>\n<b>\u00a0Obligations l\u00e9gales\u00a0:<\/b> Lorsque la loi l'exige ou pour prot\u00e9ger nos droits et nos int\u00e9r\u00eats.<br>\n<b>\u00a0Transferts d'entreprise\u00a0:<\/b> En cas de fusion, d'acquisition ou de vente d'actifs.<\/p>\t\t\t\t<\/div>\n\t\t\t\t<\/div>\n\t\t\t\t<div class=\"elementor-element elementor-element-0007482 elementor-widget elementor-widget-heading\" data-id=\"0007482\" data-element_type=\"widget\" data-e-type=\"widget\" data-widget_type=\"heading.default\">\n\t\t\t\t<div class=\"elementor-widget-container\">\n\t\t\t\t\t<h2 class=\"elementor-heading-title elementor-size-default\">4. Cookies et technologies de suivi<\/h2>\t\t\t\t<\/div>\n\t\t\t\t<\/div>\n\t\t\t\t<div class=\"elementor-element elementor-element-9cb04bf elementor-widget elementor-widget-heading\" data-id=\"9cb04bf\" data-element_type=\"widget\" data-e-type=\"widget\" data-widget_type=\"heading.default\">\n\t\t\t\t<div class=\"elementor-widget-container\">\n\t\t\t\t\t<p class=\"elementor-heading-title elementor-size-default\">Nous utilisons des cookies pour\u00a0:\u00a0<br>\n\nAm\u00e9liorer les performances du site Web et l'exp\u00e9rience utilisateur.\u00a0<br>\nM\u00e9moriser vos pr\u00e9f\u00e9rences pour vos prochaines visites.\u00a0<br>\nAnalyser le trafic du site et les habitudes d'utilisation.\u00a0<br>\nVous pouvez g\u00e9rer vos pr\u00e9f\u00e9rences en mati\u00e8re de cookies via les param\u00e8tres de votre navigateur.<\/p>\t\t\t\t<\/div>\n\t\t\t\t<\/div>\n\t\t\t\t<div class=\"elementor-element elementor-element-b59ef6e elementor-widget elementor-widget-heading\" data-id=\"b59ef6e\" data-element_type=\"widget\" data-e-type=\"widget\" data-widget_type=\"heading.default\">\n\t\t\t\t<div class=\"elementor-widget-container\">\n\t\t\t\t\t<h2 class=\"elementor-heading-title elementor-size-default\">5. S\u00e9curit\u00e9 de vos informations<\/h2>\t\t\t\t<\/div>\n\t\t\t\t<\/div>\n\t\t\t\t<div class=\"elementor-element elementor-element-1e6eea7 elementor-widget elementor-widget-heading\" data-id=\"1e6eea7\" data-element_type=\"widget\" data-e-type=\"widget\" data-widget_type=\"heading.default\">\n\t\t\t\t<div class=\"elementor-widget-container\">\n\t\t\t\t\t<p class=\"elementor-heading-title elementor-size-default\">Nous mettons en \u0153uvre des mesures de s\u00e9curit\u00e9 robustes pour prot\u00e9ger vos informations personnelles\u00a0:\u00a0<br>\n\nCryptage SSL pour toutes les transactions.<br>\nPasserelles de paiement s\u00e9curis\u00e9es pour les r\u00e9servations en ligne.<br>\nAcc\u00e8s restreint aux informations sensibles.<br><\/p>\t\t\t\t<\/div>\n\t\t\t\t<\/div>\n\t\t\t\t<div class=\"elementor-element elementor-element-7d28e24 elementor-widget elementor-widget-heading\" data-id=\"7d28e24\" data-element_type=\"widget\" data-e-type=\"widget\" data-widget_type=\"heading.default\">\n\t\t\t\t<div class=\"elementor-widget-container\">\n\t\t\t\t\t<h2 class=\"elementor-heading-title elementor-size-default\">6. Vos droits<\/h2>\t\t\t\t<\/div>\n\t\t\t\t<\/div>\n\t\t\t\t<div class=\"elementor-element elementor-element-8a962ef elementor-widget elementor-widget-heading\" data-id=\"8a962ef\" data-element_type=\"widget\" data-e-type=\"widget\" data-widget_type=\"heading.default\">\n\t\t\t\t<div class=\"elementor-widget-container\">\n\t\t\t\t\t<p class=\"elementor-heading-title elementor-size-default\">Vous avez le droit de\u00a0:\u00a0<br>\n\nAcc\u00e9der \u00e0 vos donn\u00e9es personnelles, les corriger ou les supprimer.<br>\nVous d\u00e9sinscrire des communications marketing.<br>\nDemander des d\u00e9tails sur la mani\u00e8re dont vos donn\u00e9es sont trait\u00e9es.<br>\nPour exercer ces droits, contactez-nous \u00e0 l'adresse <u><b>info@experience-marrakech.net<\/b><\/u><b>.<\/b><b><\/b><\/p>\t\t\t\t<\/div>\n\t\t\t\t<\/div>\n\t\t\t\t<div class=\"elementor-element elementor-element-3864737 elementor-widget elementor-widget-heading\" data-id=\"3864737\" data-element_type=\"widget\" data-e-type=\"widget\" data-widget_type=\"heading.default\">\n\t\t\t\t<div class=\"elementor-widget-container\">\n\t\t\t\t\t<h2 class=\"elementor-heading-title elementor-size-default\">7. Conservation des donn\u00e9es<\/h2>\t\t\t\t<\/div>\n\t\t\t\t<\/div>\n\t\t\t\t<div class=\"elementor-element elementor-element-139f173 elementor-widget elementor-widget-heading\" data-id=\"139f173\" data-element_type=\"widget\" data-e-type=\"widget\" data-widget_type=\"heading.default\">\n\t\t\t\t<div class=\"elementor-widget-container\">\n\t\t\t\t\t<p class=\"elementor-heading-title elementor-size-default\">Nous conservons vos informations personnelles uniquement aussi longtemps que n\u00e9cessaire pour atteindre les objectifs d\u00e9crits dans la pr\u00e9sente politique ou comme l'exige la loi.<\/p>\t\t\t\t<\/div>\n\t\t\t\t<\/div>\n\t\t\t\t<div class=\"elementor-element elementor-element-0420fad elementor-widget elementor-widget-heading\" data-id=\"0420fad\" data-element_type=\"widget\" data-e-type=\"widget\" data-widget_type=\"heading.default\">\n\t\t\t\t<div class=\"elementor-widget-container\">\n\t\t\t\t\t<h2 class=\"elementor-heading-title elementor-size-default\">8. Liens vers des sites tiers<\/h2>\t\t\t\t<\/div>\n\t\t\t\t<\/div>\n\t\t\t\t<div class=\"elementor-element elementor-element-4478692 elementor-widget elementor-widget-heading\" data-id=\"4478692\" data-element_type=\"widget\" data-e-type=\"widget\" data-widget_type=\"heading.default\">\n\t\t\t\t<div class=\"elementor-widget-container\">\n\t\t\t\t\t<p class=\"elementor-heading-title elementor-size-default\">Notre site Web peut inclure des liens vers des sites Web tiers. Nous ne sommes pas responsables de leurs pratiques de confidentialit\u00e9 ou de leur contenu. Veuillez consulter leurs politiques de confidentialit\u00e9 avant de partager toute information.<\/p>\t\t\t\t<\/div>\n\t\t\t\t<\/div>\n\t\t\t\t<div class=\"elementor-element elementor-element-6a77f1b elementor-widget elementor-widget-heading\" data-id=\"6a77f1b\" data-element_type=\"widget\" data-e-type=\"widget\" data-widget_type=\"heading.default\">\n\t\t\t\t<div class=\"elementor-widget-container\">\n\t\t\t\t\t<h2 class=\"elementor-heading-title elementor-size-default\">9. Mises \u00e0 jour de cette politique<\/h2>\t\t\t\t<\/div>\n\t\t\t\t<\/div>\n\t\t\t\t<div class=\"elementor-element elementor-element-e43448d elementor-widget elementor-widget-heading\" data-id=\"e43448d\" data-element_type=\"widget\" data-e-type=\"widget\" data-widget_type=\"heading.default\">\n\t\t\t\t<div class=\"elementor-widget-container\">\n\t\t\t\t\t<p class=\"elementor-heading-title elementor-size-default\">Notre site Web peut inclure des liens vers des sites Web tiers. Nous ne sommes pas responsables de leurs pratiques de confidentialit\u00e9 ou de leur contenu. Veuillez consulter leurs politiques de confidentialit\u00e9 avant de partager toute information.<\/p>\t\t\t\t<\/div>\n\t\t\t\t<\/div>\n\t\t\t\t<div class=\"elementor-element elementor-element-8d6fc63 elementor-widget elementor-widget-heading\" data-id=\"8d6fc63\" data-element_type=\"widget\" data-e-type=\"widget\" data-widget_type=\"heading.default\">\n\t\t\t\t<div class=\"elementor-widget-container\">\n\t\t\t\t\t<h2 class=\"elementor-heading-title elementor-size-default\">10. Contactez-nous<\/h2>\t\t\t\t<\/div>\n\t\t\t\t<\/div>\n\t\t\t\t<div class=\"elementor-element elementor-element-aba97e5 elementor-widget elementor-widget-heading\" data-id=\"aba97e5\" data-element_type=\"widget\" data-e-type=\"widget\" data-widget_type=\"heading.default\">\n\t\t\t\t<div class=\"elementor-widget-container\">\n\t\t\t\t\t<p class=\"elementor-heading-title elementor-size-default\">Si vous avez des questions ou des pr\u00e9occupations concernant cette politique de confidentialit\u00e9 ou la mani\u00e8re dont nous traitons vos informations, veuillez nous contacter\u00a0:\u00a0<br>\n\nE-mail\u00a0: <u><a href=\"mailto:info@experience-marrakech.net\">info@experience-marrakech.net<\/a><\/u>\n<br>\nT\u00e9l\u00e9phone\u00a0: <a href=\"https:\/\/wa.me\/212601376148\" target=\"_blank\" rel=\"noopener\">+<u>212 6 01 37 61 48<\/u><\/a><u><\/u><\/p>\t\t\t\t<\/div>\n\t\t\t\t<\/div>\n\t\t\t\t\t<\/div>\n\t\t<\/div>\n\t\t\t\t\t<\/div>\n\t\t<\/section>\n\t\t\t\t<\/div>\n\t\t","protected":false},"excerpt":{"rendered":"<p>Politique de confidentialit\u00e9 Date d&rsquo;entr\u00e9e en vigueur : 13\/07\/2020 Chez Experience Marrakech, nous nous engageons \u00e0 prot\u00e9ger votre vie priv\u00e9e et \u00e0 assurer la s\u00e9curit\u00e9 de vos informations personnelles. Cette politique de confidentialit\u00e9 explique comment nous collectons, utilisons et prot\u00e9geons vos donn\u00e9es lorsque vous visitez notre site Web ou utilisez nos services. 1. Informations que [&hellip;]<\/p>\n","protected":false},"author":1,"featured_media":0,"parent":0,"menu_order":0,"comment_status":"closed","ping_status":"closed","template":"elementor_header_footer","meta":{"footnotes":""},"class_list":["post-16848","page","type-page","status-publish","has-post-thumbnail","hentry"],"jetpack_sharing_enabled":true,"_links":{"self":[{"href":"https:\/\/experience-marrakech.net\/fr\/wp-json\/wp\/v2\/pages\/16848","targetHints":{"allow":["GET"]}}],"collection":[{"href":"https:\/\/experience-marrakech.net\/fr\/wp-json\/wp\/v2\/pages"}],"about":[{"href":"https:\/\/experience-marrakech.net\/fr\/wp-json\/wp\/v2\/types\/page"}],"author":[{"embeddable":true,"href":"https:\/\/experience-marrakech.net\/fr\/wp-json\/wp\/v2\/users\/1"}],"replies":[{"embeddable":true,"href":"https:\/\/experience-marrakech.net\/fr\/wp-json\/wp\/v2\/comments?post=16848"}],"version-history":[{"count":7,"href":"https:\/\/experience-marrakech.net\/fr\/wp-json\/wp\/v2\/pages\/16848\/revisions"}],"predecessor-version":[{"id":17318,"href":"https:\/\/experience-marrakech.net\/fr\/wp-json\/wp\/v2\/pages\/16848\/revisions\/17318"}],"wp:attachment":[{"href":"https:\/\/experience-marrakech.net\/fr\/wp-json\/wp\/v2\/media?parent=16848"}],"curies":[{"name":"wp","href":"https:\/\/api.w.org\/{rel}","templated":true}]}}