{"id":16851,"date":"2024-12-13T16:28:14","date_gmt":"2024-12-13T16:28:14","guid":{"rendered":"https:\/\/experience-marrakech.net\/terms-conditions\/"},"modified":"2025-01-05T18:55:10","modified_gmt":"2025-01-05T18:55:10","slug":"terminos-y-condiciones","status":"publish","type":"page","link":"https:\/\/experience-marrakech.net\/es\/terminos-y-condiciones\/","title":{"rendered":"T\u00e9rminos y condiciones"},"content":{"rendered":"\t\t<div data-elementor-type=\"wp-page\" data-elementor-id=\"16851\" class=\"elementor elementor-16851 elementor-15559\" data-elementor-post-type=\"page\">\n\t\t\t\t\t\t<section class=\"elementor-section elementor-top-section elementor-element elementor-element-6f3fa3c elementor-section-boxed elementor-section-height-default elementor-section-height-default\" data-id=\"6f3fa3c\" data-element_type=\"section\" data-e-type=\"section\" data-settings=\"{&quot;background_background&quot;:&quot;classic&quot;}\">\n\t\t\t\t\t\t\t<div class=\"elementor-background-overlay\"><\/div>\n\t\t\t\t\t\t\t<div class=\"elementor-container elementor-column-gap-default\">\n\t\t\t\t\t<div class=\"elementor-column elementor-col-100 elementor-top-column elementor-element elementor-element-ad05cb1\" data-id=\"ad05cb1\" data-element_type=\"column\" data-e-type=\"column\">\n\t\t\t<div class=\"elementor-widget-wrap elementor-element-populated\">\n\t\t\t\t\t\t<div class=\"elementor-element elementor-element-a0d35bc elementor-widget elementor-widget-elementskit-heading\" data-id=\"a0d35bc\" data-element_type=\"widget\" data-e-type=\"widget\" data-widget_type=\"elementskit-heading.default\">\n\t\t\t\t<div class=\"elementor-widget-container\">\n\t\t\t\t\t<div class=\"ekit-wid-con\" ><div class=\"ekit-heading elementskit-section-title-wraper text_center   ekit_heading_tablet-   ekit_heading_mobile-\"><h2 class=\"ekit-heading--title elementskit-section-title \">T\u00e9rminos y condiciones<\/h2><\/div><\/div>\t\t\t\t<\/div>\n\t\t\t\t<\/div>\n\t\t\t\t\t<\/div>\n\t\t<\/div>\n\t\t\t\t\t<\/div>\n\t\t<\/section>\n\t\t\t\t<section class=\"elementor-section elementor-top-section elementor-element elementor-element-a9041ff elementor-section-boxed elementor-section-height-default elementor-section-height-default\" data-id=\"a9041ff\" data-element_type=\"section\" data-e-type=\"section\">\n\t\t\t\t\t\t<div class=\"elementor-container elementor-column-gap-default\">\n\t\t\t\t\t<div class=\"elementor-column elementor-col-100 elementor-top-column elementor-element elementor-element-b5f3bc0\" data-id=\"b5f3bc0\" data-element_type=\"column\" data-e-type=\"column\">\n\t\t\t<div class=\"elementor-widget-wrap elementor-element-populated\">\n\t\t\t\t\t\t<section class=\"elementor-section elementor-inner-section elementor-element elementor-element-0a1d9ce elementor-section-boxed elementor-section-height-default elementor-section-height-default\" data-id=\"0a1d9ce\" data-element_type=\"section\" data-e-type=\"section\">\n\t\t\t\t\t\t<div class=\"elementor-container elementor-column-gap-default\">\n\t\t\t\t\t<div class=\"elementor-column elementor-col-100 elementor-inner-column elementor-element elementor-element-538e72b\" data-id=\"538e72b\" data-element_type=\"column\" data-e-type=\"column\">\n\t\t\t<div class=\"elementor-widget-wrap elementor-element-populated\">\n\t\t\t\t\t\t<div class=\"elementor-element elementor-element-b015881 elementor-widget elementor-widget-elementskit-heading\" data-id=\"b015881\" data-element_type=\"widget\" data-e-type=\"widget\" data-widget_type=\"elementskit-heading.default\">\n\t\t\t\t<div class=\"elementor-widget-container\">\n\t\t\t\t\t<div class=\"ekit-wid-con\" ><div class=\"ekit-heading elementskit-section-title-wraper text_left   ekit_heading_tablet-   ekit_heading_mobile-\"><h2 class=\"ekit-heading--title elementskit-section-title \">1. Informaci\u00f3n general<\/h2>\t\t\t\t<div class='ekit-heading__description'>\n\t\t\t\t\t<p><strong><em>Experimente Marrakech<\/em><\/strong> es su plataforma de referencia para tours, excursiones y actividades inolvidables en Marrakech y sus impresionantes alrededores. Nuestro objetivo es brindar experiencias \u00fanicas y personalizadas que lo conecten con la rica cultura y las oportunidades de aventura de la ciudad. Al realizar una reserva a trav\u00e9s de nuestro sitio web u otras plataformas afiliadas, confirma su aceptaci\u00f3n de estos t\u00e9rminos y condiciones. Este acuerdo se aplica a todos los servicios y reservas facilitados a trav\u00e9s de <em>Experience Marrakech<\/em>. Para utilizar nuestros servicios, debe tener al menos 18 a\u00f1os. En el caso de los menores, las reservas y la participaci\u00f3n deben estar supervisadas por un tutor legal.<\/p>\n\t\t\t\t<\/div>\n\t\t\t<\/div><\/div>\t\t\t\t<\/div>\n\t\t\t\t<\/div>\n\t\t\t\t<div class=\"elementor-element elementor-element-6d0ec56 elementor-widget elementor-widget-elementskit-heading\" data-id=\"6d0ec56\" data-element_type=\"widget\" data-e-type=\"widget\" data-widget_type=\"elementskit-heading.default\">\n\t\t\t\t<div class=\"elementor-widget-container\">\n\t\t\t\t\t<div class=\"ekit-wid-con\" ><div class=\"ekit-heading elementskit-section-title-wraper text_left   ekit_heading_tablet-   ekit_heading_mobile-\"><h2 class=\"ekit-heading--title elementskit-section-title \">2. Reservas y pagos<\/h2>\t\t\t\t<div class='ekit-heading__description'>\n\t\t\t\t\t<p>Al realizar una reserva a trav\u00e9s de <strong><em>Experience Marrakech<\/em><\/strong>, acepta que todas las reservas est\u00e1n sujetas a disponibilidad. Una vez confirmada su reserva, se le enviar\u00e1 un correo electr\u00f3nico de confirmaci\u00f3n detallado. El pago se realiza en efectivo el d\u00eda del tour o actividad. Prepare el monto exacto, ya que nuestros representantes pueden no tener cambio.<\/p>\n<p>Los precios que figuran en nuestro sitio web son precisos en el momento de la reserva, pero est\u00e1n sujetos a cambios debido a ajustes estacionales o fluctuaciones del tipo de cambio. Las reservas confirmadas no se ven afectadas por dichos cambios. En caso de overbooking, le informaremos de inmediato y le proporcionaremos una fecha o actividad alternativa o un reembolso completo si lo prefiere.<\/p>\n\t\t\t\t<\/div>\n\t\t\t<\/div><\/div>\t\t\t\t<\/div>\n\t\t\t\t<\/div>\n\t\t\t\t<div class=\"elementor-element elementor-element-a5b5acf elementor-widget elementor-widget-elementskit-heading\" data-id=\"a5b5acf\" data-element_type=\"widget\" data-e-type=\"widget\" data-widget_type=\"elementskit-heading.default\">\n\t\t\t\t<div class=\"elementor-widget-container\">\n\t\t\t\t\t<div class=\"ekit-wid-con\" ><div class=\"ekit-heading elementskit-section-title-wraper text_left   ekit_heading_tablet-   ekit_heading_mobile-\"><h2 class=\"ekit-heading--title elementskit-section-title \">3. Cancelaci\u00f3n y reembolsos<\/h2>\t\t\t\t<div class='ekit-heading__description'>\n\t\t\t\t\t<p>Las cancelaciones son instant\u00e1neas y gratuitas debido a nuestra pol\u00edtica de pago contra reembolso. Dado que no se requiere pago por adelantado, puede cancelar sin ninguna consecuencia financiera en cualquier momento antes de la actividad. Sin embargo, agradecemos que nos informen lo antes posible para que podamos ajustar los horarios y acomodar a otros hu\u00e9spedes.<\/p>\n\t\t\t\t<\/div>\n\t\t\t<\/div><\/div>\t\t\t\t<\/div>\n\t\t\t\t<\/div>\n\t\t\t\t<div class=\"elementor-element elementor-element-bd166d4 elementor-widget elementor-widget-elementskit-heading\" data-id=\"bd166d4\" data-element_type=\"widget\" data-e-type=\"widget\" data-widget_type=\"elementskit-heading.default\">\n\t\t\t\t<div class=\"elementor-widget-container\">\n\t\t\t\t\t<div class=\"ekit-wid-con\" ><div class=\"ekit-heading elementskit-section-title-wraper text_left   ekit_heading_tablet-   ekit_heading_mobile-\"><h2 class=\"ekit-heading--title elementskit-section-title \">4. Responsabilidades de los participantes<\/h2>\t\t\t\t<div class='ekit-heading__description'>\n\t\t\t\t\t<p>Como participante, es su responsabilidad asegurarse de cumplir con los requisitos f\u00edsicos o de salud necesarios para las actividades elegidas. Si tiene alguna inquietud, le recomendamos que nos consulte antes de confirmar su reserva. Los menores siempre deben estar acompa\u00f1ados por un tutor legal. La puntualidad es fundamental; se espera que los participantes lleguen puntualmente a los puntos de encuentro designados. Las llegadas tard\u00edas pueden resultar en la p\u00e9rdida de actividades y no se pueden proporcionar reembolsos en tales circunstancias. Cumpla con todas las pautas de seguridad proporcionadas por nuestro equipo o gu\u00edas locales. La cooperaci\u00f3n garantiza una experiencia segura y memorable para todos.<\/p>\n\t\t\t\t<\/div>\n\t\t\t<\/div><\/div>\t\t\t\t<\/div>\n\t\t\t\t<\/div>\n\t\t\t\t<div class=\"elementor-element elementor-element-7bf08e1 elementor-widget elementor-widget-elementskit-heading\" data-id=\"7bf08e1\" data-element_type=\"widget\" data-e-type=\"widget\" data-widget_type=\"elementskit-heading.default\">\n\t\t\t\t<div class=\"elementor-widget-container\">\n\t\t\t\t\t<div class=\"ekit-wid-con\" ><div class=\"ekit-heading elementskit-section-title-wraper text_left   ekit_heading_tablet-   ekit_heading_mobile-\"><h2 class=\"ekit-heading--title elementskit-section-title \">5. Responsabilidad<\/h2>\t\t\t\t<div class='ekit-heading__description'>\n\t\t\t\t\t<p><strong><em>Experience Marrakech<\/em><\/strong> toma todas las precauciones para garantizar su seguridad y satisfacci\u00f3n, pero la participaci\u00f3n en las actividades es, en \u00faltima instancia, bajo su propio riesgo. Nuestra cobertura de responsabilidad civil protege contra da\u00f1os a terceros durante las actividades que organizamos, pero no se extiende a accidentes personales, emergencias m\u00e9dicas o p\u00e9rdida\/robo de art\u00edculos personales. Le recomendamos encarecidamente que contrate un seguro de viaje integral que cubra emergencias m\u00e9dicas y bienes personales para su tranquilidad.<\/p>\n\t\t\t\t<\/div>\n\t\t\t<\/div><\/div>\t\t\t\t<\/div>\n\t\t\t\t<\/div>\n\t\t\t\t<div class=\"elementor-element elementor-element-62532ba elementor-widget elementor-widget-elementskit-heading\" data-id=\"62532ba\" data-element_type=\"widget\" data-e-type=\"widget\" data-widget_type=\"elementskit-heading.default\">\n\t\t\t\t<div class=\"elementor-widget-container\">\n\t\t\t\t\t<div class=\"ekit-wid-con\" ><div class=\"ekit-heading elementskit-section-title-wraper text_left   ekit_heading_tablet-   ekit_heading_mobile-\"><h2 class=\"ekit-heading--title elementskit-section-title \">6. Fuerza mayor<\/h2>\t\t\t\t<div class='ekit-heading__description'>\n\t\t\t\t\t<p>Circunstancias fuera de nuestro control, como condiciones clim\u00e1ticas extremas, restricciones gubernamentales u otros eventos imprevistos, pueden afectar las actividades programadas. En tales casos, <strong><em>Experience Marrakech<\/em><\/strong> no se hace responsable de cancelaciones o modificaciones, pero har\u00e1 todo lo posible para reprogramar su actividad o brindar una soluci\u00f3n adecuada.<\/p>\n\t\t\t\t<\/div>\n\t\t\t<\/div><\/div>\t\t\t\t<\/div>\n\t\t\t\t<\/div>\n\t\t\t\t<div class=\"elementor-element elementor-element-97d6f6d elementor-widget elementor-widget-elementskit-heading\" data-id=\"97d6f6d\" data-element_type=\"widget\" data-e-type=\"widget\" data-widget_type=\"elementskit-heading.default\">\n\t\t\t\t<div class=\"elementor-widget-container\">\n\t\t\t\t\t<div class=\"ekit-wid-con\" ><div class=\"ekit-heading elementskit-section-title-wraper text_left   ekit_heading_tablet-   ekit_heading_mobile-\"><h2 class=\"ekit-heading--title elementskit-section-title \">7. Propiedad intelectual<\/h2>\t\t\t\t<div class='ekit-heading__description'>\n\t\t\t\t\t<p>Todo el contenido del sitio web de <strong><em>Experience Marrakech<\/em><\/strong>, incluidos textos, im\u00e1genes, dise\u00f1os y logotipos, es propiedad exclusiva de <strong><em>Experience Marrakech<\/em><\/strong> y est\u00e1 protegido por las leyes de derechos de autor. Queda estrictamente prohibida cualquier reproducci\u00f3n, distribuci\u00f3n o uso no autorizado de este contenido.<\/p>\n\t\t\t\t<\/div>\n\t\t\t<\/div><\/div>\t\t\t\t<\/div>\n\t\t\t\t<\/div>\n\t\t\t\t<div class=\"elementor-element elementor-element-4b57ed7 elementor-widget elementor-widget-elementskit-heading\" data-id=\"4b57ed7\" data-element_type=\"widget\" data-e-type=\"widget\" data-widget_type=\"elementskit-heading.default\">\n\t\t\t\t<div class=\"elementor-widget-container\">\n\t\t\t\t\t<div class=\"ekit-wid-con\" ><div class=\"ekit-heading elementskit-section-title-wraper text_left   ekit_heading_tablet-   ekit_heading_mobile-\"><h2 class=\"ekit-heading--title elementskit-section-title \">8. Pol\u00edtica de privacidad<\/h2>\t\t\t\t<div class='ekit-heading__description'>\n\t\t\t\t\t<p>Su privacidad es una prioridad para nosotros. Para obtener m\u00e1s informaci\u00f3n sobre c\u00f3mo recopilamos, usamos y protegemos sus datos personales, consulte nuestra <span style=\"color: #993300\"><a style=\"color: #993300\" href=\"https:\/\/experience-marrakech.net\/privacy-policy\/\">Pol\u00edtica de privacidad<\/a><\/span>.<\/p>\n\t\t\t\t<\/div>\n\t\t\t<\/div><\/div>\t\t\t\t<\/div>\n\t\t\t\t<\/div>\n\t\t\t\t<div class=\"elementor-element elementor-element-6481285 elementor-widget elementor-widget-elementskit-heading\" data-id=\"6481285\" data-element_type=\"widget\" data-e-type=\"widget\" data-widget_type=\"elementskit-heading.default\">\n\t\t\t\t<div class=\"elementor-widget-container\">\n\t\t\t\t\t<div class=\"ekit-wid-con\" ><div class=\"ekit-heading elementskit-section-title-wraper text_left   ekit_heading_tablet-   ekit_heading_mobile-\"><h2 class=\"ekit-heading--title elementskit-section-title \">9. Resoluci\u00f3n de disputas<\/h2>\t\t\t\t<div class='ekit-heading__description'>\n\t\t\t\t\t<p>Nos comprometemos a resolver las disputas de forma amistosa. Si tienes alguna inquietud, cont\u00e1ctanos a <em><a href=\"mailto:contact@experience-marrakech.net\"><strong><span style=\"color: #000000\">Correo electr\u00f3nico: contact@experience-marrakech.net<\/span><\/strong><\/a><\/em> o <strong><em><span style=\"color: #000000\"><a style=\"color: #000000\" href=\"https:\/\/wa.me\/34616488033\" target=\"_blank\" rel=\"noopener\">WhatsApp: +34 616 488 033<\/a><\/span><\/em><\/strong>, y las abordaremos con prontitud. Cualquier disputa que no pueda resolverse se regir\u00e1 por las leyes de Marruecos y ser\u00e1 tratada por los tribunales marroqu\u00edes.<\/p>\n\t\t\t\t<\/div>\n\t\t\t<\/div><\/div>\t\t\t\t<\/div>\n\t\t\t\t<\/div>\n\t\t\t\t<div class=\"elementor-element elementor-element-9579ff3 elementor-widget elementor-widget-elementskit-heading\" data-id=\"9579ff3\" data-element_type=\"widget\" data-e-type=\"widget\" data-widget_type=\"elementskit-heading.default\">\n\t\t\t\t<div class=\"elementor-widget-container\">\n\t\t\t\t\t<div class=\"ekit-wid-con\" ><div class=\"ekit-heading elementskit-section-title-wraper text_left   ekit_heading_tablet-   ekit_heading_mobile-\"><h2 class=\"ekit-heading--title elementskit-section-title \">10. Modificaciones de las Condiciones<\/h2>\t\t\t\t<div class='ekit-heading__description'>\n\t\t\t\t\t<p><strong><em>Experience Marrakech<\/em><\/strong> se reserva el derecho de modificar estos t\u00e9rminos y condiciones en cualquier momento. Los t\u00e9rminos actualizados entrar\u00e1n en vigor inmediatamente despu\u00e9s de su publicaci\u00f3n en nuestro sitio web.<\/p>\n<p><span style=\"color: #000000\"><strong>Cont\u00e1ctenos<\/strong><\/span><br \/>\nPara cualquier consulta o aclaraci\u00f3n adicional sobre estos t\u00e9rminos, no dude en contactarnos:<\/p>\n<ul>\n<li><em><span style=\"color: #000000\"><a style=\"color: #000000\" href=\"mailto:contact@experience-marrakech.net\"><strong>Correo electr\u00f3nico: contact@experience-marrakech.net<\/strong><\/a><\/span><\/em><\/li>\n<li><strong><em><span style=\"color: #000000\"><a style=\"color: #000000\" href=\"tel:212601376148\">Tel\u00e9fono: +2126 0137 6148<\/a><\/span><\/em><\/strong>\u00a0<strong><br \/>\n<\/strong><\/li>\n<li><strong><em><span style=\"color: #000000\"><a style=\"color: #000000\" href=\"https:\/\/wa.me\/34616488033\" target=\"_blank\" rel=\"noopener\">WhatsApp: +34 616 488 033<\/a><\/span><\/em><\/strong><\/li>\n<\/ul>\n<p>Gracias por elegir <strong><em>Experience Marrakech<\/em><\/strong>. \u00a1Esperamos poder ayudarle a crear recuerdos inolvidables en la Ciudad Roja!<\/p>\n\t\t\t\t<\/div>\n\t\t\t<\/div><\/div>\t\t\t\t<\/div>\n\t\t\t\t<\/div>\n\t\t\t\t\t<\/div>\n\t\t<\/div>\n\t\t\t\t\t<\/div>\n\t\t<\/section>\n\t\t\t\t\t<\/div>\n\t\t<\/div>\n\t\t\t\t\t<\/div>\n\t\t<\/section>\n\t\t\t\t<\/div>\n\t\t","protected":false},"excerpt":{"rendered":"<p>T\u00e9rminos y condiciones 1. Informaci\u00f3n general Experimente Marrakech es su plataforma de referencia para tours, excursiones y actividades inolvidables en Marrakech y sus impresionantes alrededores. Nuestro objetivo es brindar experiencias \u00fanicas y personalizadas que lo conecten con la rica cultura y las oportunidades de aventura de la ciudad. Al realizar una reserva a trav\u00e9s de [&hellip;]<\/p>\n","protected":false},"author":1,"featured_media":0,"parent":0,"menu_order":0,"comment_status":"closed","ping_status":"closed","template":"elementor_header_footer","meta":{"footnotes":""},"class_list":["post-16851","page","type-page","status-publish","has-post-thumbnail","hentry"],"jetpack_sharing_enabled":true,"_links":{"self":[{"href":"https:\/\/experience-marrakech.net\/es\/wp-json\/wp\/v2\/pages\/16851","targetHints":{"allow":["GET"]}}],"collection":[{"href":"https:\/\/experience-marrakech.net\/es\/wp-json\/wp\/v2\/pages"}],"about":[{"href":"https:\/\/experience-marrakech.net\/es\/wp-json\/wp\/v2\/types\/page"}],"author":[{"embeddable":true,"href":"https:\/\/experience-marrakech.net\/es\/wp-json\/wp\/v2\/users\/1"}],"replies":[{"embeddable":true,"href":"https:\/\/experience-marrakech.net\/es\/wp-json\/wp\/v2\/comments?post=16851"}],"version-history":[{"count":7,"href":"https:\/\/experience-marrakech.net\/es\/wp-json\/wp\/v2\/pages\/16851\/revisions"}],"predecessor-version":[{"id":17399,"href":"https:\/\/experience-marrakech.net\/es\/wp-json\/wp\/v2\/pages\/16851\/revisions\/17399"}],"wp:attachment":[{"href":"https:\/\/experience-marrakech.net\/es\/wp-json\/wp\/v2\/media?parent=16851"}],"curies":[{"name":"wp","href":"https:\/\/api.w.org\/{rel}","templated":true}]}}