{"id":16849,"date":"2024-12-04T14:57:49","date_gmt":"2024-12-04T14:57:49","guid":{"rendered":"https:\/\/experience-marrakech.net\/privacy-policy\/"},"modified":"2025-01-05T18:55:34","modified_gmt":"2025-01-05T18:55:34","slug":"privacy-policy","status":"publish","type":"page","link":"https:\/\/experience-marrakech.net\/es\/privacy-policy\/","title":{"rendered":"Privacy Policy"},"content":{"rendered":"\t\t<div data-elementor-type=\"wp-page\" data-elementor-id=\"16849\" class=\"elementor elementor-16849 elementor-15234\" data-elementor-post-type=\"page\">\n\t\t\t\t\t\t<section class=\"elementor-section elementor-top-section elementor-element elementor-element-3bf1a88 elementor-section-boxed elementor-section-height-default elementor-section-height-default\" data-id=\"3bf1a88\" data-element_type=\"section\" data-e-type=\"section\" data-settings=\"{&quot;background_background&quot;:&quot;classic&quot;}\">\n\t\t\t\t\t\t\t<div class=\"elementor-background-overlay\"><\/div>\n\t\t\t\t\t\t\t<div class=\"elementor-container elementor-column-gap-default\">\n\t\t\t\t\t<div class=\"elementor-column elementor-col-100 elementor-top-column elementor-element elementor-element-33c0e70\" data-id=\"33c0e70\" data-element_type=\"column\" data-e-type=\"column\">\n\t\t\t<div class=\"elementor-widget-wrap elementor-element-populated\">\n\t\t\t\t\t\t<div class=\"elementor-element elementor-element-400fead elementor-widget elementor-widget-elementskit-heading\" data-id=\"400fead\" data-element_type=\"widget\" data-e-type=\"widget\" data-widget_type=\"elementskit-heading.default\">\n\t\t\t\t<div class=\"elementor-widget-container\">\n\t\t\t\t\t<div class=\"ekit-wid-con\" ><div class=\"ekit-heading elementskit-section-title-wraper text_center   ekit_heading_tablet-   ekit_heading_mobile-\"><h2 class=\"ekit-heading--title elementskit-section-title \">pol\u00edtica de privacidad<\/h2><\/div><\/div>\t\t\t\t<\/div>\n\t\t\t\t<\/div>\n\t\t\t\t\t<\/div>\n\t\t<\/div>\n\t\t\t\t\t<\/div>\n\t\t<\/section>\n\t\t\t\t<section class=\"elementor-section elementor-top-section elementor-element elementor-element-598f167 elementor-section-boxed elementor-section-height-default elementor-section-height-default\" data-id=\"598f167\" data-element_type=\"section\" data-e-type=\"section\" data-settings=\"{&quot;background_background&quot;:&quot;classic&quot;}\">\n\t\t\t\t\t\t<div class=\"elementor-container elementor-column-gap-default\">\n\t\t\t\t\t<div class=\"elementor-column elementor-col-100 elementor-top-column elementor-element elementor-element-ef09a30\" data-id=\"ef09a30\" data-element_type=\"column\" data-e-type=\"column\">\n\t\t\t<div class=\"elementor-widget-wrap elementor-element-populated\">\n\t\t\t\t\t\t<div class=\"elementor-element elementor-element-63782c6 elementor-widget elementor-widget-heading\" data-id=\"63782c6\" data-element_type=\"widget\" data-e-type=\"widget\" data-widget_type=\"heading.default\">\n\t\t\t\t<div class=\"elementor-widget-container\">\n\t\t\t\t\t<p class=\"elementor-heading-title elementor-size-default\">Fecha de entrada en vigor: 13\/07\/2020<\/p>\t\t\t\t<\/div>\n\t\t\t\t<\/div>\n\t\t\t\t<div class=\"elementor-element elementor-element-69df574 elementor-widget elementor-widget-heading\" data-id=\"69df574\" data-element_type=\"widget\" data-e-type=\"widget\" data-widget_type=\"heading.default\">\n\t\t\t\t<div class=\"elementor-widget-container\">\n\t\t\t\t\t<p class=\"elementor-heading-title elementor-size-default\">En Experience Marrakech, nos comprometemos a proteger su privacidad y garantizar la seguridad de su informaci\u00f3n personal. Esta Pol\u00edtica de privacidad explica c\u00f3mo recopilamos, usamos y salvaguardamos sus datos cuando visita nuestro sitio web o utiliza nuestros servicios.<\/p>\t\t\t\t<\/div>\n\t\t\t\t<\/div>\n\t\t\t\t<div class=\"elementor-element elementor-element-d5791ec elementor-widget elementor-widget-heading\" data-id=\"d5791ec\" data-element_type=\"widget\" data-e-type=\"widget\" data-widget_type=\"heading.default\">\n\t\t\t\t<div class=\"elementor-widget-container\">\n\t\t\t\t\t<h2 class=\"elementor-heading-title elementor-size-default\">1. Informaci\u00f3n que recopilamos<\/h2>\t\t\t\t<\/div>\n\t\t\t\t<\/div>\n\t\t\t\t<div class=\"elementor-element elementor-element-55f320d elementor-widget elementor-widget-heading\" data-id=\"55f320d\" data-element_type=\"widget\" data-e-type=\"widget\" data-widget_type=\"heading.default\">\n\t\t\t\t<div class=\"elementor-widget-container\">\n\t\t\t\t\t<p class=\"elementor-heading-title elementor-size-default\">Recopilamos los siguientes tipos de informaci\u00f3n:<\/p>\t\t\t\t<\/div>\n\t\t\t\t<\/div>\n\t\t\t\t<div class=\"elementor-element elementor-element-8df60d1 elementor-widget elementor-widget-heading\" data-id=\"8df60d1\" data-element_type=\"widget\" data-e-type=\"widget\" data-widget_type=\"heading.default\">\n\t\t\t\t<div class=\"elementor-widget-container\">\n\t\t\t\t\t<h2 class=\"elementor-heading-title elementor-size-default\">1.1 Informaci\u00f3n personal<\/h2>\t\t\t\t<\/div>\n\t\t\t\t<\/div>\n\t\t\t\t<div class=\"elementor-element elementor-element-1a3bc2e elementor-widget elementor-widget-heading\" data-id=\"1a3bc2e\" data-element_type=\"widget\" data-e-type=\"widget\" data-widget_type=\"heading.default\">\n\t\t\t\t<div class=\"elementor-widget-container\">\n\t\t\t\t\t<p class=\"elementor-heading-title elementor-size-default\">Nombre, direcci\u00f3n de correo electr\u00f3nico, n\u00famero de tel\u00e9fono y datos de pago proporcionados durante la reserva.<br>\nPreferencias de viaje o solicitudes especiales compartidas con nosotros.<\/p>\t\t\t\t<\/div>\n\t\t\t\t<\/div>\n\t\t\t\t<div class=\"elementor-element elementor-element-f7e4f99 elementor-widget elementor-widget-heading\" data-id=\"f7e4f99\" data-element_type=\"widget\" data-e-type=\"widget\" data-widget_type=\"heading.default\">\n\t\t\t\t<div class=\"elementor-widget-container\">\n\t\t\t\t\t<h2 class=\"elementor-heading-title elementor-size-default\">1.2 Informaci\u00f3n no personal<\/h2>\t\t\t\t<\/div>\n\t\t\t\t<\/div>\n\t\t\t\t<div class=\"elementor-element elementor-element-4f0e791 elementor-widget elementor-widget-heading\" data-id=\"4f0e791\" data-element_type=\"widget\" data-e-type=\"widget\" data-widget_type=\"heading.default\">\n\t\t\t\t<div class=\"elementor-widget-container\">\n\t\t\t\t\t<p class=\"elementor-heading-title elementor-size-default\">Direcci\u00f3n IP, tipo de navegador, sistema operativo y comportamiento de navegaci\u00f3n en nuestro sitio web.<\/p>\t\t\t\t<\/div>\n\t\t\t\t<\/div>\n\t\t\t\t<div class=\"elementor-element elementor-element-468d1a9 elementor-widget elementor-widget-heading\" data-id=\"468d1a9\" data-element_type=\"widget\" data-e-type=\"widget\" data-widget_type=\"heading.default\">\n\t\t\t\t<div class=\"elementor-widget-container\">\n\t\t\t\t\t<h2 class=\"elementor-heading-title elementor-size-default\">1.3 Cookies y tecnolog\u00edas de seguimiento<\/h2>\t\t\t\t<\/div>\n\t\t\t\t<\/div>\n\t\t\t\t<div class=\"elementor-element elementor-element-178b7c4 elementor-widget elementor-widget-heading\" data-id=\"178b7c4\" data-element_type=\"widget\" data-e-type=\"widget\" data-widget_type=\"heading.default\">\n\t\t\t\t<div class=\"elementor-widget-container\">\n\t\t\t\t\t<p class=\"elementor-heading-title elementor-size-default\">Cookies: peque\u00f1os archivos de datos que se almacenan en su dispositivo para mejorar su experiencia de navegaci\u00f3n.<br>\nHerramientas de seguimiento: se utilizan para comprender el uso del sitio web y mejorar nuestros servicios.<\/p>\t\t\t\t<\/div>\n\t\t\t\t<\/div>\n\t\t\t\t<div class=\"elementor-element elementor-element-16d3e97 elementor-widget elementor-widget-heading\" data-id=\"16d3e97\" data-element_type=\"widget\" data-e-type=\"widget\" data-widget_type=\"heading.default\">\n\t\t\t\t<div class=\"elementor-widget-container\">\n\t\t\t\t\t<h2 class=\"elementor-heading-title elementor-size-default\">2. C\u00f3mo utilizamos su informaci\u00f3n<\/h2>\t\t\t\t<\/div>\n\t\t\t\t<\/div>\n\t\t\t\t<div class=\"elementor-element elementor-element-1bc1a9d elementor-widget elementor-widget-heading\" data-id=\"1bc1a9d\" data-element_type=\"widget\" data-e-type=\"widget\" data-widget_type=\"heading.default\">\n\t\t\t\t<div class=\"elementor-widget-container\">\n\t\t\t\t\t<p class=\"elementor-heading-title elementor-size-default\">Utilizamos su informaci\u00f3n para los siguientes fines:<br>\n\n<b>Para procesar reservas:<\/b> garantizar que sus reservas se completen y confirmen.<br>\n<b>Para mejorar los servicios:<\/b> analizar el comportamiento de los usuarios para mejorar la funcionalidad del sitio web y las ofertas de tours.<br>\n<b>Para comunicarse:<\/b> responder consultas, enviar confirmaciones de reservas y proporcionar actualizaciones.<br>\n<b>Para marketing:<\/b> enviar materiales promocionales y ofertas especiales (con su consentimiento).<br>\n<b>Para garantizar la seguridad:<\/b> supervisar las actividades del sitio web para evitar fraudes o accesos no autorizados.<\/p>\t\t\t\t<\/div>\n\t\t\t\t<\/div>\n\t\t\t\t<div class=\"elementor-element elementor-element-0d249d8 elementor-widget elementor-widget-heading\" data-id=\"0d249d8\" data-element_type=\"widget\" data-e-type=\"widget\" data-widget_type=\"heading.default\">\n\t\t\t\t<div class=\"elementor-widget-container\">\n\t\t\t\t\t<h2 class=\"elementor-heading-title elementor-size-default\">3. Compartir su informaci\u00f3n<\/h2>\t\t\t\t<\/div>\n\t\t\t\t<\/div>\n\t\t\t\t<div class=\"elementor-element elementor-element-fe82e5d elementor-widget elementor-widget-heading\" data-id=\"fe82e5d\" data-element_type=\"widget\" data-e-type=\"widget\" data-widget_type=\"heading.default\">\n\t\t\t\t<div class=\"elementor-widget-container\">\n\t\t\t\t\t<p class=\"elementor-heading-title elementor-size-default\">No vendemos, comercializamos ni alquilamos su informaci\u00f3n personal. Sin embargo, podemos compartirla en las siguientes circunstancias:<br>\n\n<b>Proveedores de servicios:<\/b>Con socios de confianza que ayudan a procesar pagos u organizar tours.<br>\n<b>Obligaciones legales:<\/b>Cuando lo exija la ley o para proteger nuestros derechos e intereses.<br>\n<b>Transferencias comerciales:<\/b>En caso de fusi\u00f3n, adquisici\u00f3n o venta de activos.<\/p>\t\t\t\t<\/div>\n\t\t\t\t<\/div>\n\t\t\t\t<div class=\"elementor-element elementor-element-0007482 elementor-widget elementor-widget-heading\" data-id=\"0007482\" data-element_type=\"widget\" data-e-type=\"widget\" data-widget_type=\"heading.default\">\n\t\t\t\t<div class=\"elementor-widget-container\">\n\t\t\t\t\t<h2 class=\"elementor-heading-title elementor-size-default\">4. Cookies y tecnolog\u00edas de seguimiento<\/h2>\t\t\t\t<\/div>\n\t\t\t\t<\/div>\n\t\t\t\t<div class=\"elementor-element elementor-element-9cb04bf elementor-widget elementor-widget-heading\" data-id=\"9cb04bf\" data-element_type=\"widget\" data-e-type=\"widget\" data-widget_type=\"heading.default\">\n\t\t\t\t<div class=\"elementor-widget-container\">\n\t\t\t\t\t<p class=\"elementor-heading-title elementor-size-default\">Utilizamos cookies para:<br>\n\nMejorar el rendimiento del sitio web y la experiencia del usuario.<br>\nRecordar sus preferencias para futuras visitas.<br>\nAnalizar el tr\u00e1fico del sitio y los patrones de uso.<br>\nPuede administrar sus preferencias de cookies a trav\u00e9s de la configuraci\u00f3n de su navegador.<\/p>\t\t\t\t<\/div>\n\t\t\t\t<\/div>\n\t\t\t\t<div class=\"elementor-element elementor-element-b59ef6e elementor-widget elementor-widget-heading\" data-id=\"b59ef6e\" data-element_type=\"widget\" data-e-type=\"widget\" data-widget_type=\"heading.default\">\n\t\t\t\t<div class=\"elementor-widget-container\">\n\t\t\t\t\t<h2 class=\"elementor-heading-title elementor-size-default\">5. Seguridad de su informaci\u00f3n<\/h2>\t\t\t\t<\/div>\n\t\t\t\t<\/div>\n\t\t\t\t<div class=\"elementor-element elementor-element-1e6eea7 elementor-widget elementor-widget-heading\" data-id=\"1e6eea7\" data-element_type=\"widget\" data-e-type=\"widget\" data-widget_type=\"heading.default\">\n\t\t\t\t<div class=\"elementor-widget-container\">\n\t\t\t\t\t<p class=\"elementor-heading-title elementor-size-default\">Implementamos medidas de seguridad s\u00f3lidas para proteger su informaci\u00f3n personal:<br>\n\nEncriptaci\u00f3n SSL para todas las transacciones.<br>\nPasarelas de pago seguras para reservas en l\u00ednea.<br>\nAcceso restringido a informaci\u00f3n confidencial.<br><\/p>\t\t\t\t<\/div>\n\t\t\t\t<\/div>\n\t\t\t\t<div class=\"elementor-element elementor-element-7d28e24 elementor-widget elementor-widget-heading\" data-id=\"7d28e24\" data-element_type=\"widget\" data-e-type=\"widget\" data-widget_type=\"heading.default\">\n\t\t\t\t<div class=\"elementor-widget-container\">\n\t\t\t\t\t<h2 class=\"elementor-heading-title elementor-size-default\">6. Sus derechos<\/h2>\t\t\t\t<\/div>\n\t\t\t\t<\/div>\n\t\t\t\t<div class=\"elementor-element elementor-element-8a962ef elementor-widget elementor-widget-heading\" data-id=\"8a962ef\" data-element_type=\"widget\" data-e-type=\"widget\" data-widget_type=\"heading.default\">\n\t\t\t\t<div class=\"elementor-widget-container\">\n\t\t\t\t\t<p class=\"elementor-heading-title elementor-size-default\">Tiene derecho a:<br>\n\nAcceder, corregir o eliminar sus datos personales.<br>\nNo recibir comunicaciones de marketing.<br>\nSolicitar detalles sobre c\u00f3mo se procesan sus datos.<br>\nPara ejercer estos derechos, cont\u00e1ctenos en <u><b>info@experience-marrakech.net<\/b><\/u><b>.<\/b><b><\/b><\/p>\t\t\t\t<\/div>\n\t\t\t\t<\/div>\n\t\t\t\t<div class=\"elementor-element elementor-element-3864737 elementor-widget elementor-widget-heading\" data-id=\"3864737\" data-element_type=\"widget\" data-e-type=\"widget\" data-widget_type=\"heading.default\">\n\t\t\t\t<div class=\"elementor-widget-container\">\n\t\t\t\t\t<h2 class=\"elementor-heading-title elementor-size-default\">7. Retenci\u00f3n de datos<\/h2>\t\t\t\t<\/div>\n\t\t\t\t<\/div>\n\t\t\t\t<div class=\"elementor-element elementor-element-139f173 elementor-widget elementor-widget-heading\" data-id=\"139f173\" data-element_type=\"widget\" data-e-type=\"widget\" data-widget_type=\"heading.default\">\n\t\t\t\t<div class=\"elementor-widget-container\">\n\t\t\t\t\t<p class=\"elementor-heading-title elementor-size-default\">Conservamos su informaci\u00f3n personal s\u00f3lo el tiempo necesario para cumplir con los fines descritos en esta pol\u00edtica o seg\u00fan lo requiera la ley.<\/p>\t\t\t\t<\/div>\n\t\t\t\t<\/div>\n\t\t\t\t<div class=\"elementor-element elementor-element-0420fad elementor-widget elementor-widget-heading\" data-id=\"0420fad\" data-element_type=\"widget\" data-e-type=\"widget\" data-widget_type=\"heading.default\">\n\t\t\t\t<div class=\"elementor-widget-container\">\n\t\t\t\t\t<h2 class=\"elementor-heading-title elementor-size-default\">8. Enlaces de terceros<\/h2>\t\t\t\t<\/div>\n\t\t\t\t<\/div>\n\t\t\t\t<div class=\"elementor-element elementor-element-4478692 elementor-widget elementor-widget-heading\" data-id=\"4478692\" data-element_type=\"widget\" data-e-type=\"widget\" data-widget_type=\"heading.default\">\n\t\t\t\t<div class=\"elementor-widget-container\">\n\t\t\t\t\t<p class=\"elementor-heading-title elementor-size-default\">Nuestro sitio web puede incluir enlaces a sitios web de terceros. No somos responsables de sus pr\u00e1cticas de privacidad ni de su contenido. Revise sus pol\u00edticas de privacidad antes de compartir cualquier informaci\u00f3n.<\/p>\t\t\t\t<\/div>\n\t\t\t\t<\/div>\n\t\t\t\t<div class=\"elementor-element elementor-element-6a77f1b elementor-widget elementor-widget-heading\" data-id=\"6a77f1b\" data-element_type=\"widget\" data-e-type=\"widget\" data-widget_type=\"heading.default\">\n\t\t\t\t<div class=\"elementor-widget-container\">\n\t\t\t\t\t<h2 class=\"elementor-heading-title elementor-size-default\">9. Actualizaciones de esta Pol\u00edtica<\/h2>\t\t\t\t<\/div>\n\t\t\t\t<\/div>\n\t\t\t\t<div class=\"elementor-element elementor-element-e43448d elementor-widget elementor-widget-heading\" data-id=\"e43448d\" data-element_type=\"widget\" data-e-type=\"widget\" data-widget_type=\"heading.default\">\n\t\t\t\t<div class=\"elementor-widget-container\">\n\t\t\t\t\t<p class=\"elementor-heading-title elementor-size-default\">Nuestro sitio web puede incluir enlaces a sitios web de terceros. No somos responsables de sus pr\u00e1cticas de privacidad ni de su contenido. Revise sus pol\u00edticas de privacidad antes de compartir cualquier informaci\u00f3n.<\/p>\t\t\t\t<\/div>\n\t\t\t\t<\/div>\n\t\t\t\t<div class=\"elementor-element elementor-element-8d6fc63 elementor-widget elementor-widget-heading\" data-id=\"8d6fc63\" data-element_type=\"widget\" data-e-type=\"widget\" data-widget_type=\"heading.default\">\n\t\t\t\t<div class=\"elementor-widget-container\">\n\t\t\t\t\t<h2 class=\"elementor-heading-title elementor-size-default\">10. Cont\u00e1ctenos<\/h2>\t\t\t\t<\/div>\n\t\t\t\t<\/div>\n\t\t\t\t<div class=\"elementor-element elementor-element-aba97e5 elementor-widget elementor-widget-heading\" data-id=\"aba97e5\" data-element_type=\"widget\" data-e-type=\"widget\" data-widget_type=\"heading.default\">\n\t\t\t\t<div class=\"elementor-widget-container\">\n\t\t\t\t\t<p class=\"elementor-heading-title elementor-size-default\">Si tiene preguntas o inquietudes sobre esta Pol\u00edtica de privacidad o sobre c\u00f3mo manejamos su informaci\u00f3n, comun\u00edquese con nosotros:<br>\n\nCorreo electr\u00f3nico: <u><a href=\"mailto:info@experience-marrakech.net\">info@experience-marrakech.net<\/a><\/u>\n<br>\nTel\u00e9fono: <a href=\"https:\/\/wa.me\/212601376148\" target=\"_blank\" rel=\"noopener\">+<u>212 6 01 37 61 48<\/u><\/a><u><\/u><\/p>\t\t\t\t<\/div>\n\t\t\t\t<\/div>\n\t\t\t\t\t<\/div>\n\t\t<\/div>\n\t\t\t\t\t<\/div>\n\t\t<\/section>\n\t\t\t\t<\/div>\n\t\t","protected":false},"excerpt":{"rendered":"<p>pol\u00edtica de privacidad Fecha de entrada en vigor: 13\/07\/2020 En Experience Marrakech, nos comprometemos a proteger su privacidad y garantizar la seguridad de su informaci\u00f3n personal. Esta Pol\u00edtica de privacidad explica c\u00f3mo recopilamos, usamos y salvaguardamos sus datos cuando visita nuestro sitio web o utiliza nuestros servicios. 1. Informaci\u00f3n que recopilamos Recopilamos los siguientes tipos [&hellip;]<\/p>\n","protected":false},"author":1,"featured_media":0,"parent":0,"menu_order":0,"comment_status":"closed","ping_status":"closed","template":"elementor_header_footer","meta":{"footnotes":""},"class_list":["post-16849","page","type-page","status-publish","has-post-thumbnail","hentry"],"jetpack_sharing_enabled":true,"_links":{"self":[{"href":"https:\/\/experience-marrakech.net\/es\/wp-json\/wp\/v2\/pages\/16849","targetHints":{"allow":["GET"]}}],"collection":[{"href":"https:\/\/experience-marrakech.net\/es\/wp-json\/wp\/v2\/pages"}],"about":[{"href":"https:\/\/experience-marrakech.net\/es\/wp-json\/wp\/v2\/types\/page"}],"author":[{"embeddable":true,"href":"https:\/\/experience-marrakech.net\/es\/wp-json\/wp\/v2\/users\/1"}],"replies":[{"embeddable":true,"href":"https:\/\/experience-marrakech.net\/es\/wp-json\/wp\/v2\/comments?post=16849"}],"version-history":[{"count":6,"href":"https:\/\/experience-marrakech.net\/es\/wp-json\/wp\/v2\/pages\/16849\/revisions"}],"predecessor-version":[{"id":17405,"href":"https:\/\/experience-marrakech.net\/es\/wp-json\/wp\/v2\/pages\/16849\/revisions\/17405"}],"wp:attachment":[{"href":"https:\/\/experience-marrakech.net\/es\/wp-json\/wp\/v2\/media?parent=16849"}],"curies":[{"name":"wp","href":"https:\/\/api.w.org\/{rel}","templated":true}]}}